{"id":6,"date":"2014-09-08T04:06:39","date_gmt":"2014-09-08T11:06:39","guid":{"rendered":"http:\/\/www.clarinetfusion.org\/?page_id=6"},"modified":"2021-12-14T08:48:45","modified_gmt":"2021-12-14T16:48:45","slug":"recordings","status":"publish","type":"page","link":"https:\/\/www.clarinetfusion.org\/?page_id=6","title":{"rendered":"Audio \/ Video"},"content":{"rendered":"<p><strong><em>More videos at<\/em> <a href=\"https:\/\/www.youtube.com\/channel\/UCkNs5BBn0mZit6MRLO1h0bw\">Clarinet Fusion on YouTube<\/a><\/strong><br \/>\n&#8212;<\/p>\n<p><strong>The Sorcerer&#8217;s Apprentice\u00a0by Paul Dukas \/ arranged by Matt Johnston<\/strong><\/p>\n<p>Arranged by Matt Johnston,\u00a0especially for Clarinet Fusion,\u00a0<em>The Sorcerer&#8217;s Apprentice\u00a0<\/em>is exciting and challenging!\u00a0 One on a part with eight musicians,\u00a0Clarinet Fusion performed this piece on stage at Davies Symphony Hall, San Francisco, California for a\u00a02015 San Francisco Symphony Community of Music Makers Chamber Music Workshop.<br \/>\n<iframe loading=\"lazy\" src=\"https:\/\/www.youtube.com\/embed\/zYlwDCoHm5E?rel=0&amp;controls=0&amp;showinfo=0\" width=\"560\" height=\"315\" frameborder=\"0\" allowfullscreen=\"allowfullscreen\"><\/iframe><\/p>\n<p><strong>Symphony No. 9, Op. 95, Movement No. 1, Adagio-Allegro Molto by Anton\u00edn Dvo\u0159\u00e1k \/ arranged by William V. Johnson<\/strong><\/p>\n<p>Arranged by William V. Johnson, for Clarinet Fusion, Symphony No. 9, Op. 95, Movement No. 1 was premiered on April 3, 2016 on stage at Davies Symphony Hall in San Francisco to family and friends at a San Francisco Symphony Community of Music Makers Chamber Music Workshop. Thanks Bill for this hauntingly beautiful and exciting arrangement!<br \/>\n<iframe loading=\"lazy\" src=\"https:\/\/www.youtube.com\/embed\/BPKy61CWuT4?rel=0&amp;controls=0&amp;showinfo=0\" width=\"560\" height=\"315\" frameborder=\"0\" allowfullscreen=\"allowfullscreen\"><\/iframe><\/p>\n<p><strong>Johnny Swings on Home by Kate Agioritis<\/strong><\/p>\n<p>This is a great piece for a summer concert!<br \/>\n<iframe loading=\"lazy\" src=\"https:\/\/www.youtube.com\/embed\/aFMvKWWs0tM?rel=0&amp;controls=0&amp;showinfo=0\" width=\"560\" height=\"315\" frameborder=\"0\" allowfullscreen=\"allowfullscreen\"><\/iframe><\/p>\n<p><strong>American Feeling by Ilio Volante<\/strong><\/p>\n<p>Sure to get your toes tapping!<br \/>\n<iframe loading=\"lazy\" src=\"https:\/\/www.youtube.com\/embed\/1ztCDmdrvfg?rel=0&amp;controls=0&amp;showinfo=0\" width=\"560\" height=\"315\" frameborder=\"0\" allowfullscreen=\"allowfullscreen\"><\/iframe><\/p>\n<p>&nbsp;<\/p>\n<p><strong>When The Saints Go Marching In \/ arranged by Philip R Buttall<\/strong><\/p>\n<p>Arranged by Philip R Buttall especially for Clarinet Fusion for a benefit concert held by a local church at which the theme was \u201cA Night in New Orleans\u201d.<em> When The Saints Go Marching In<\/em> was given a traditional jazz-band treatment where each of the players gets a chance to elaborate on the tune, either singly, or in conjunction with another instrument. There\u2019s also a customary key-change thrown in for good measure, and there are \u2019snippets\u2019 of a few other tunes along the way.<br \/>\n<iframe loading=\"lazy\" src=\"https:\/\/www.youtube.com\/embed\/75jAAF087zE?rel=0&amp;controls=0&amp;showinfo=0\" width=\"560\" height=\"315\" frameborder=\"0\" allowfullscreen=\"allowfullscreen\"><\/iframe><\/p>\n<p><strong>Sonata No. 6 in D Minor by Felix Mendelsshon \/ arranged by Matt Johnston<\/strong><\/p>\n<p>Special thanks are due to Matt Johnston (Alry Publications) for his arrangement of <em>Sonata No. 6 in D Minor<\/em>, arranged especially for Clarinet Fusion. Clarinet Fusion performed his amazing piece at Davies Symphony Hall, San Francisco for 2014 San Francisco Symphony Community of Music Makers Chamber Music Workshop.<br \/>\n<iframe loading=\"lazy\" src=\"https:\/\/www.youtube.com\/embed\/Ejlj9mUuyhw?rel=0&amp;controls=0&amp;showinfo=0\" width=\"560\" height=\"315\" frameborder=\"0\" allowfullscreen=\"allowfullscreen\"><\/iframe><\/p>\n<p>&#8212;<br \/>\n<a href=\"http:\/\/www.instrumentcareapparel.com\/home.html\"><img loading=\"lazy\" decoding=\"async\" class=\"alignleft\" style=\"width: 138px; height: 92px;\" src=\"http:\/\/nebula.wsimg.com\/a96d23b0d76357f8d7b5bc240baa3f61?AccessKeyId=072346113DB4BB48CB48&amp;disposition=0&amp;alloworigin=1\" alt=\"\" width=\"138\" height=\"91\" \/><\/a><\/p>\n<p>Special\u00a0thanks to\u00a0Pam Brawley for her continuous support of Clarinet Fusion.\u00a0 Pam\u00a0attends our concerts and takes photographs,\u00a0which we\u00a0use in our\u00a0videos and website.\u00a0 She is an invaluable resource to us.\u00a0 Pam is the creator of <a href=\"http:\/\/www.instrumentcareaccessories.com\/\" target=\"_blank\" rel=\"noopener noreferrer\">Instrument Care Accessories (iCA)<\/a>, a family run company based out of Oakland, California. \u00a0iCA provides instrument covers for brass and woodwind instruments.\u00a0 Pam is also an active clarinetist\/bass clarinetist in multiple groups.<\/p>\n<p>&nbsp;<\/p>\n","protected":false},"excerpt":{"rendered":"<p>More videos at Clarinet Fusion on YouTube &#8212; The Sorcerer&#8217;s Apprentice\u00a0by Paul Dukas \/ arranged by Matt Johnston Arranged by Matt Johnston,\u00a0especially for Clarinet Fusion,\u00a0The Sorcerer&#8217;s Apprentice\u00a0is exciting and challenging!\u00a0 One on a part with eight musicians,\u00a0Clarinet Fusion performed this &hellip; <a href=\"https:\/\/www.clarinetfusion.org\/?page_id=6\">Continue reading <span class=\"meta-nav\">&rarr;<\/span><\/a><\/p>\n","protected":false},"author":1,"featured_media":0,"parent":0,"menu_order":0,"comment_status":"closed","ping_status":"closed","template":"","meta":{"footnotes":""},"class_list":["post-6","page","type-page","status-publish","hentry"],"_links":{"self":[{"href":"https:\/\/www.clarinetfusion.org\/index.php?rest_route=\/wp\/v2\/pages\/6","targetHints":{"allow":["GET"]}}],"collection":[{"href":"https:\/\/www.clarinetfusion.org\/index.php?rest_route=\/wp\/v2\/pages"}],"about":[{"href":"https:\/\/www.clarinetfusion.org\/index.php?rest_route=\/wp\/v2\/types\/page"}],"author":[{"embeddable":true,"href":"https:\/\/www.clarinetfusion.org\/index.php?rest_route=\/wp\/v2\/users\/1"}],"replies":[{"embeddable":true,"href":"https:\/\/www.clarinetfusion.org\/index.php?rest_route=%2Fwp%2Fv2%2Fcomments&post=6"}],"version-history":[{"count":78,"href":"https:\/\/www.clarinetfusion.org\/index.php?rest_route=\/wp\/v2\/pages\/6\/revisions"}],"predecessor-version":[{"id":1169,"href":"https:\/\/www.clarinetfusion.org\/index.php?rest_route=\/wp\/v2\/pages\/6\/revisions\/1169"}],"wp:attachment":[{"href":"https:\/\/www.clarinetfusion.org\/index.php?rest_route=%2Fwp%2Fv2%2Fmedia&parent=6"}],"curies":[{"name":"wp","href":"https:\/\/api.w.org\/{rel}","templated":true}]}}